{"id":1005,"date":"2025-02-25T16:33:26","date_gmt":"2025-02-25T15:33:26","guid":{"rendered":"https:\/\/www.alpensarg.at\/?page_id=1005"},"modified":"2026-02-04T22:54:43","modified_gmt":"2026-02-04T21:54:43","slug":"startseite-2-2","status":"publish","type":"page","link":"https:\/\/www.alpensarg.at\/?page_id=1005","title":{"rendered":"Impressum"},"content":{"rendered":"\t\t<div data-elementor-type=\"wp-page\" data-elementor-id=\"1005\" class=\"elementor elementor-1005\" data-elementor-post-type=\"page\">\n\t\t\t\t<div class=\"elementor-element elementor-element-67b6a2d e-con-full e-flex wpr-particle-no wpr-jarallax-no wpr-parallax-no wpr-sticky-section-no e-con e-parent\" data-id=\"67b6a2d\" data-element_type=\"container\" data-settings=\"{&quot;background_background&quot;:&quot;classic&quot;}\">\n\t\t\t\t<div class=\"elementor-element elementor-element-d97c7ec jltma-glass-effect-no elementor-widget elementor-widget-image\" data-id=\"d97c7ec\" data-element_type=\"widget\" data-widget_type=\"image.default\">\n\t\t\t\t<div class=\"elementor-widget-container\">\n\t\t\t\t\t\t\t\t\t\t\t\t\t\t\t\t<a href=\"https:\/\/www.alpensarg.at\/\">\n\t\t\t\t\t\t\t<img fetchpriority=\"high\" decoding=\"async\" width=\"1024\" height=\"272\" src=\"https:\/\/www.alpensarg.at\/wp-content\/uploads\/2025\/02\/Logo_schriftzug_weiss.gif\" class=\"attachment-large size-large wp-image-140\" alt=\"\" \/>\t\t\t\t\t\t\t\t<\/a>\n\t\t\t\t\t\t\t\t\t\t\t\t\t\t\t<\/div>\n\t\t\t\t<\/div>\n\t\t\t\t<div class=\"elementor-element elementor-element-9783201 wpr-main-menu-align-left wpr-main-menu-align--tabletleft wpr-main-menu-align--mobileleft wpr-pointer-underline wpr-pointer-line-fx wpr-pointer-fx-fade wpr-sub-icon-caret-down wpr-sub-menu-fx-fade wpr-nav-menu-bp-mobile wpr-mobile-menu-full-width wpr-mobile-menu-item-align-center wpr-mobile-toggle-v1 wpr-sub-divider-yes wpr-mobile-divider-yes jltma-glass-effect-no elementor-widget elementor-widget-wpr-nav-menu\" data-id=\"9783201\" data-element_type=\"widget\" data-settings=\"{&quot;sticky&quot;:&quot;top&quot;,&quot;menu_layout&quot;:&quot;horizontal&quot;,&quot;sticky_on&quot;:[&quot;desktop&quot;,&quot;tablet&quot;,&quot;mobile&quot;],&quot;sticky_offset&quot;:0,&quot;sticky_effects_offset&quot;:0,&quot;sticky_anchor_link_offset&quot;:0}\" data-widget_type=\"wpr-nav-menu.default\">\n\t\t\t\t<div class=\"elementor-widget-container\">\n\t\t\t\t\t<nav class=\"wpr-nav-menu-container wpr-nav-menu-horizontal\" data-trigger=\"hover\"><ul id=\"menu-1-9783201\" class=\"wpr-nav-menu\"><li class=\"menu-item menu-item-type-post_type menu-item-object-page menu-item-home menu-item-1272\"><a href=\"https:\/\/www.alpensarg.at\/\" class=\"wpr-menu-item wpr-pointer-item\">Startseite<\/a><\/li>\n<li class=\"menu-item menu-item-type-post_type menu-item-object-page menu-item-1453\"><a href=\"https:\/\/www.alpensarg.at\/?page_id=1437\" class=\"wpr-menu-item wpr-pointer-item\">Produkte<\/a><\/li>\n<li class=\"menu-item menu-item-type-post_type menu-item-object-page menu-item-1274\"><a href=\"https:\/\/www.alpensarg.at\/?page_id=1015\" class=\"wpr-menu-item wpr-pointer-item\">\u00dcber uns<\/a><\/li>\n<\/ul><\/nav><nav class=\"wpr-mobile-nav-menu-container\"><div class=\"wpr-mobile-toggle-wrap\"><div class=\"wpr-mobile-toggle\"><span class=\"wpr-mobile-toggle-line\"><\/span><span class=\"wpr-mobile-toggle-line\"><\/span><span class=\"wpr-mobile-toggle-line\"><\/span><\/div><\/div><ul id=\"mobile-menu-2-9783201\" class=\"wpr-mobile-nav-menu\"><li class=\"menu-item menu-item-type-post_type menu-item-object-page menu-item-home menu-item-1272\"><a href=\"https:\/\/www.alpensarg.at\/\" class=\"wpr-mobile-menu-item\">Startseite<\/a><\/li>\n<li class=\"menu-item menu-item-type-post_type menu-item-object-page menu-item-1453\"><a href=\"https:\/\/www.alpensarg.at\/?page_id=1437\" class=\"wpr-mobile-menu-item\">Produkte<\/a><\/li>\n<li class=\"menu-item menu-item-type-post_type menu-item-object-page menu-item-1274\"><a href=\"https:\/\/www.alpensarg.at\/?page_id=1015\" class=\"wpr-mobile-menu-item\">\u00dcber uns<\/a><\/li>\n<\/ul><\/nav>\t\t\t\t<\/div>\n\t\t\t\t<\/div>\n\t\t\t\t<\/div>\n\t\t<div class=\"elementor-element elementor-element-637a1e8 e-flex e-con-boxed wpr-particle-no wpr-jarallax-no wpr-parallax-no wpr-sticky-section-no e-con e-parent\" data-id=\"637a1e8\" data-element_type=\"container\" data-settings=\"{&quot;background_background&quot;:&quot;gradient&quot;}\">\n\t\t\t\t\t<div class=\"e-con-inner\">\n\t\t\t\t<div class=\"elementor-element elementor-element-731838a jltma-glass-effect-no elementor-widget elementor-widget-heading\" data-id=\"731838a\" data-element_type=\"widget\" data-widget_type=\"heading.default\">\n\t\t\t\t<div class=\"elementor-widget-container\">\n\t\t\t\t\t<h2 class=\"elementor-heading-title elementor-size-default\">Impressum<\/h2>\t\t\t\t<\/div>\n\t\t\t\t<\/div>\n\t\t\t\t<div class=\"elementor-element elementor-element-815e366 jltma-glass-effect-no elementor-widget elementor-widget-text-editor\" data-id=\"815e366\" data-element_type=\"widget\" data-widget_type=\"text-editor.default\">\n\t\t\t\t<div class=\"elementor-widget-container\">\n\t\t\t\t\t\t\t\t\t<p>Name:\u00a0\u00a0\u00a0\u00a0\u00a0 Alpensarg OG<br \/>Adresse:\u00a0 A &#8211; 2630 Ternitz \u2022 Weizengasse 1<br \/>Telefon:\u00a0\u00a0 (+43) 0 650 \/ 6 33 44 55<br \/>oder:\u00a0\u00a0\u00a0\u00a0\u00a0\u00a0\u00a0\u00a0 (+43) 0 650 \/ 6 33 99 77<br \/>Internet:\u00a0<span style=\"color: #99ccff;\"><a style=\"color: #99ccff;\" href=\"http:\/\/www.alpensarg.at\/\">http:\/\/www.alpensarg.at<\/a><\/span><br \/>E-Mail:\u00a0\u00a0\u00a0\u00a0\u00a0<span id=\"cloak59630\"><a href=\"mailto:office@alpensarg.at\"><span style=\"color: #99ccff;\">office@alpensarg.at<\/span><\/a><\/span><\/p>\t\t\t\t\t\t\t\t<\/div>\n\t\t\t\t<\/div>\n\t\t\t\t<div class=\"elementor-element elementor-element-5f3311e elementor-widget-divider--view-line jltma-glass-effect-no elementor-widget elementor-widget-divider\" data-id=\"5f3311e\" data-element_type=\"widget\" data-widget_type=\"divider.default\">\n\t\t\t\t<div class=\"elementor-widget-container\">\n\t\t\t\t\t\t\t<div class=\"elementor-divider\">\n\t\t\t<span class=\"elementor-divider-separator\">\n\t\t\t\t\t\t<\/span>\n\t\t<\/div>\n\t\t\t\t\t\t<\/div>\n\t\t\t\t<\/div>\n\t\t\t\t<div class=\"elementor-element elementor-element-78babdd jltma-glass-effect-no elementor-widget elementor-widget-text-editor\" data-id=\"78babdd\" data-element_type=\"widget\" data-widget_type=\"text-editor.default\">\n\t\t\t\t<div class=\"elementor-widget-container\">\n\t\t\t\t\t\t\t\t\t<p>FirmenbuchNr.: FN 418896z<br \/>UID &#8211; Nr.: ATU 68811949<\/p>\t\t\t\t\t\t\t\t<\/div>\n\t\t\t\t<\/div>\n\t\t\t\t<div class=\"elementor-element elementor-element-a3c7919 elementor-widget-divider--view-line jltma-glass-effect-no elementor-widget elementor-widget-divider\" data-id=\"a3c7919\" data-element_type=\"widget\" data-widget_type=\"divider.default\">\n\t\t\t\t<div class=\"elementor-widget-container\">\n\t\t\t\t\t\t\t<div class=\"elementor-divider\">\n\t\t\t<span class=\"elementor-divider-separator\">\n\t\t\t\t\t\t<\/span>\n\t\t<\/div>\n\t\t\t\t\t\t<\/div>\n\t\t\t\t<\/div>\n\t\t\t\t<div class=\"elementor-element elementor-element-521f2ba jltma-glass-effect-no elementor-widget elementor-widget-text-editor\" data-id=\"521f2ba\" data-element_type=\"widget\" data-widget_type=\"text-editor.default\">\n\t\t\t\t<div class=\"elementor-widget-container\">\n\t\t\t\t\t\t\t\t\t<div class=\"rte\"><div align=\"justify\"><p><strong>Haftungshinweis<\/strong><\/p><p><strong>Inhalt des Onlineangebotes<\/strong><\/p><p>Die Firma\u00a0<strong>&#8220;Alpensarg OG&#8221;\u00a0<\/strong>bem\u00fcht sich, auf diesen Internetseiten richtige und vollst\u00e4ndige Informationen zur Verf\u00fcgung zu stellen. Alle Angaben wurden nach bestem Wissen erstellt und sorgf\u00e4ltig \u00fcberpr\u00fcft. Dennoch \u00fcbernimmt die Firma\u00a0<strong>&#8220;Alpensarg OG&#8221;<\/strong>\u00a0keine Garantie oder Haftung f\u00fcr die Aktualit\u00e4t, Richtigkeit und Vollst\u00e4ndigkeit der bereitgestellten Informationen. Die Firma\u00a0<strong>&#8220;Alpensarg OG&#8221;<\/strong>\u00a0beh\u00e4lt es sich vor, jederzeit Teile der Seiten oder das gesamte Angebot ohne vorherige Ank\u00fcndigung zu ver\u00e4ndern oder zu l\u00f6schen.<\/p><p><strong>Links<\/strong><\/p><p>Die Firma\u00a0<strong>&#8220;Alpensarg OG&#8221;<\/strong>\u00a0hat keinerlei Einflu\u00df auf die Urheberschaft, die Gestaltung und den Inhalt verlinkter\/verkn\u00fcpfter Seiten. Trotz sorgf\u00e4ltiger inhaltlicher Kontrolle vor einer Linksetzung \u00fcbernimmt die Firma\u00a0<strong>&#8220;Alpensarg OG&#8221;<\/strong>\u00a0keine Haftung f\u00fcr die Inhalte verlinkter\/verkn\u00fcpfter Seiten. F\u00fcr die Inhalte der verlinkten Seiten und Sch\u00e4den, die aus deren Nutzung resultieren, sind ausschlie\u00dflich deren Anbieter verantwortlich.<\/p><p><strong>Urheberrechte<\/strong><\/p><p>Der Inhalt dieser Internetseiten ist urheberrechtlich gesch\u00fctzt. Die Speicherung und Vervielf\u00e4ltigung von Bild- und Textmaterial ist ohne unsere ausdr\u00fcckliche Zustimmung grunds\u00e4tzlich nicht gestattet. Ausgenommen hiervon sind nur ausdr\u00fccklich autorisierte und durch Downloads zug\u00e4nglich gemachte Informationen, sofern seitens des Verwenders eine Quellenangabe (Firma\u00a0<strong>&#8220;Alpensarg OG&#8221;<\/strong>\u00a0) erfolgt.<\/p><p><strong>Datenschutz<\/strong><\/p><p>Bei der Nutzung unseres Kontaktformulares und ben\u00f6tigen wir von Ihnen einige Daten, damit wir die Anfrage korrekt bearbeiten k\u00f6nnen. Das Ausf\u00fcllen dieses Formulars und die Angabe dieser Daten ist freiwillig. Die Firma\u00a0<strong>&#8220;Alpensarg OG&#8221;<\/strong>\u00a0wird diese Angaben vertraulich behandeln und nur f\u00fcr den eigenen Bedarf nutzen.<\/p><p><strong>Rechtswirksamkeit<\/strong><\/p><p>Dieser Haftungsausschluss wurde nach bestem Wissen erstellt. Sofern einzelne Formulierungen der geltenden Rechtlage nicht, nicht mehr oder nicht vollst\u00e4ndig entsprechen sollten, bleiben die \u00fcbrigen Teile in ihrem Inhalt und ihrer G\u00fcltigkeit davon unber\u00fchrt.<\/p><\/div><\/div>\t\t\t\t\t\t\t\t<\/div>\n\t\t\t\t<\/div>\n\t\t\t\t\t<\/div>\n\t\t\t\t<\/div>\n\t\t\t\t<section class=\"has_ma_el_bg_slider elementor-section elementor-top-section elementor-element elementor-element-2c199f12 elementor-section-full_width elementor-section-height-default elementor-section-height-default jltma-glass-effect-no wpr-particle-no wpr-jarallax-no wpr-parallax-no wpr-sticky-section-no\" data-id=\"2c199f12\" data-element_type=\"section\" data-settings=\"{&quot;background_background&quot;:&quot;gradient&quot;}\">\n\t\t\t\t\t\t<div class=\"elementor-container elementor-column-gap-default\">\n\t\t\t\t\t<div class=\"has_ma_el_bg_slider elementor-column elementor-col-100 elementor-top-column elementor-element elementor-element-5fe6f8a0 jltma-glass-effect-no\" data-id=\"5fe6f8a0\" data-element_type=\"column\">\n\t\t\t<div class=\"elementor-widget-wrap elementor-element-populated\">\n\t\t\t\t\t\t<section class=\"has_ma_el_bg_slider elementor-section elementor-inner-section elementor-element elementor-element-58e69535 elementor-section-boxed elementor-section-height-default elementor-section-height-default jltma-glass-effect-no wpr-particle-no wpr-jarallax-no wpr-parallax-no wpr-sticky-section-no\" data-id=\"58e69535\" data-element_type=\"section\">\n\t\t\t\t\t\t<div class=\"elementor-container elementor-column-gap-default\">\n\t\t\t\t\t<div class=\"has_ma_el_bg_slider elementor-column elementor-col-25 elementor-inner-column elementor-element elementor-element-7baaa3a8 jltma-glass-effect-no\" data-id=\"7baaa3a8\" data-element_type=\"column\">\n\t\t\t<div class=\"elementor-widget-wrap elementor-element-populated\">\n\t\t\t\t\t\t<div class=\"elementor-element elementor-element-2e57afb9 wpr-logo-position-center jltma-glass-effect-no elementor-widget elementor-widget-wpr-logo\" data-id=\"2e57afb9\" data-element_type=\"widget\" data-widget_type=\"wpr-logo.default\">\n\t\t\t\t<div class=\"elementor-widget-container\">\n\t\t\t\t\t\t\t\t\n\t\t\t<div class=\"wpr-logo elementor-clearfix\">\n\n\t\t\t\t\t\t\t\t<picture class=\"wpr-logo-image\">\n\t\t\t\t\t\n\t\t\t\t\t\t\t\t\t\t\n\t\t\t\t\t<img decoding=\"async\" src=\"https:\/\/www.alpensarg.at\/wp-content\/uploads\/2025\/02\/Logo_schriftzug_weiss.gif\" alt=\"\">\n\n\t\t\t\t\t\t\t\t\t\t\t<a class=\"wpr-logo-url\" rel=\"home\" aria-label=\"\" href=\"https:\/\/www.alpensarg.at\/\"><\/a>\n\t\t\t\t\t\t\t\t\t<\/picture>\n\t\t\t\t\n\t\t\t\t\n\t\t\t\t\t\t\t\t\t<a class=\"wpr-logo-url\" rel=\"home\" aria-label=\"\" href=\"https:\/\/www.alpensarg.at\/\"><\/a>\n\t\t\t\t\n\t\t\t<\/div>\n\t\t\t\t\n\t\t\t\t\t\t<\/div>\n\t\t\t\t<\/div>\n\t\t\t\t\t<\/div>\n\t\t<\/div>\n\t\t\t\t<div class=\"has_ma_el_bg_slider elementor-column elementor-col-25 elementor-inner-column elementor-element elementor-element-42e8f3ed jltma-glass-effect-no\" data-id=\"42e8f3ed\" data-element_type=\"column\">\n\t\t\t<div class=\"elementor-widget-wrap elementor-element-populated\">\n\t\t\t\t\t\t<div class=\"elementor-element elementor-element-7d15e538 jltma-glass-effect-no elementor-widget elementor-widget-heading\" data-id=\"7d15e538\" data-element_type=\"widget\" data-widget_type=\"heading.default\">\n\t\t\t\t<div class=\"elementor-widget-container\">\n\t\t\t\t\t<h2 class=\"elementor-heading-title elementor-size-default\">Informationen<\/h2>\t\t\t\t<\/div>\n\t\t\t\t<\/div>\n\t\t\t\t<div class=\"elementor-element elementor-element-5a6fa56c jltma-glass-effect-no elementor-widget elementor-widget-heading\" data-id=\"5a6fa56c\" data-element_type=\"widget\" data-widget_type=\"heading.default\">\n\t\t\t\t<div class=\"elementor-widget-container\">\n\t\t\t\t\t<p class=\"elementor-heading-title elementor-size-default\"><a href=\"https:\/\/www.alpensarg.at\/?page_id=1015\">\u00dcber uns<\/a><\/p>\t\t\t\t<\/div>\n\t\t\t\t<\/div>\n\t\t\t\t<div class=\"elementor-element elementor-element-f73a20e jltma-glass-effect-no elementor-widget elementor-widget-heading\" data-id=\"f73a20e\" data-element_type=\"widget\" data-widget_type=\"heading.default\">\n\t\t\t\t<div class=\"elementor-widget-container\">\n\t\t\t\t\t<p class=\"elementor-heading-title elementor-size-default\"><a href=\"https:\/\/www.alpensarg.at\/?page_id=1010\">Allgemeine Gesch\u00e4ftsbedingungen<\/a><\/p>\t\t\t\t<\/div>\n\t\t\t\t<\/div>\n\t\t\t\t<div class=\"elementor-element elementor-element-7da240d6 jltma-glass-effect-no elementor-widget elementor-widget-heading\" data-id=\"7da240d6\" data-element_type=\"widget\" data-widget_type=\"heading.default\">\n\t\t\t\t<div class=\"elementor-widget-container\">\n\t\t\t\t\t<p class=\"elementor-heading-title elementor-size-default\"><a href=\"https:\/\/www.alpensarg.at\/?page_id=1005\">Impressum<\/a><\/p>\t\t\t\t<\/div>\n\t\t\t\t<\/div>\n\t\t\t\t\t<\/div>\n\t\t<\/div>\n\t\t\t\t<div class=\"has_ma_el_bg_slider elementor-column elementor-col-25 elementor-inner-column elementor-element elementor-element-6cad39e1 jltma-glass-effect-no\" data-id=\"6cad39e1\" data-element_type=\"column\">\n\t\t\t<div class=\"elementor-widget-wrap elementor-element-populated\">\n\t\t\t\t\t\t<div class=\"elementor-element elementor-element-20899479 jltma-glass-effect-no elementor-widget elementor-widget-heading\" data-id=\"20899479\" data-element_type=\"widget\" data-widget_type=\"heading.default\">\n\t\t\t\t<div class=\"elementor-widget-container\">\n\t\t\t\t\t<h2 class=\"elementor-heading-title elementor-size-default\">Seiten<\/h2>\t\t\t\t<\/div>\n\t\t\t\t<\/div>\n\t\t\t\t<div class=\"elementor-element elementor-element-3cd83a83 jltma-glass-effect-no elementor-widget elementor-widget-heading\" data-id=\"3cd83a83\" data-element_type=\"widget\" data-widget_type=\"heading.default\">\n\t\t\t\t<div class=\"elementor-widget-container\">\n\t\t\t\t\t<p class=\"elementor-heading-title elementor-size-default\"><a href=\"https:\/\/www.alpensarg.at\/\">Startseite<\/a><\/p>\t\t\t\t<\/div>\n\t\t\t\t<\/div>\n\t\t\t\t<div class=\"elementor-element elementor-element-2aba2792 jltma-glass-effect-no elementor-widget elementor-widget-heading\" data-id=\"2aba2792\" data-element_type=\"widget\" data-widget_type=\"heading.default\">\n\t\t\t\t<div class=\"elementor-widget-container\">\n\t\t\t\t\t<p class=\"elementor-heading-title elementor-size-default\"><a href=\"https:\/\/www.alpensarg.at\/?page_id=1684\">S\u00e4rge<\/a><\/p>\t\t\t\t<\/div>\n\t\t\t\t<\/div>\n\t\t\t\t<div class=\"elementor-element elementor-element-78ecba9 jltma-glass-effect-no elementor-widget elementor-widget-heading\" data-id=\"78ecba9\" data-element_type=\"widget\" data-widget_type=\"heading.default\">\n\t\t\t\t<div class=\"elementor-widget-container\">\n\t\t\t\t\t<p class=\"elementor-heading-title elementor-size-default\"><a href=\"https:\/\/www.alpensarg.at\/?page_id=1692\">Beschl\u00e4ge<\/a><\/p>\t\t\t\t<\/div>\n\t\t\t\t<\/div>\n\t\t\t\t<div class=\"elementor-element elementor-element-eeeca86 jltma-glass-effect-no elementor-widget elementor-widget-heading\" data-id=\"eeeca86\" data-element_type=\"widget\" data-widget_type=\"heading.default\">\n\t\t\t\t<div class=\"elementor-widget-container\">\n\t\t\t\t\t<p class=\"elementor-heading-title elementor-size-default\"><a href=\"https:\/\/www.alpensarg.at\/?page_id=1704\">Auskleidung<\/a><\/p>\t\t\t\t<\/div>\n\t\t\t\t<\/div>\n\t\t\t\t\t<\/div>\n\t\t<\/div>\n\t\t\t\t<div class=\"has_ma_el_bg_slider elementor-column elementor-col-25 elementor-inner-column elementor-element elementor-element-15b63704 jltma-glass-effect-no\" data-id=\"15b63704\" data-element_type=\"column\">\n\t\t\t<div class=\"elementor-widget-wrap elementor-element-populated\">\n\t\t\t\t\t\t<div class=\"elementor-element elementor-element-9f4d1c1 elementor-position-left elementor-view-default elementor-mobile-position-top elementor-vertical-align-top jltma-glass-effect-no elementor-widget elementor-widget-icon-box\" data-id=\"9f4d1c1\" data-element_type=\"widget\" data-widget_type=\"icon-box.default\">\n\t\t\t\t<div class=\"elementor-widget-container\">\n\t\t\t\t\t\t\t<div class=\"elementor-icon-box-wrapper\">\n\n\t\t\t\t\t\t<div class=\"elementor-icon-box-icon\">\n\t\t\t\t<span  class=\"elementor-icon\">\n\t\t\t\t<svg aria-hidden=\"true\" class=\"e-font-icon-svg e-fas-envelope\" viewBox=\"0 0 512 512\" xmlns=\"http:\/\/www.w3.org\/2000\/svg\"><path d=\"M502.3 190.8c3.9-3.1 9.7-.2 9.7 4.7V400c0 26.5-21.5 48-48 48H48c-26.5 0-48-21.5-48-48V195.6c0-5 5.7-7.8 9.7-4.7 22.4 17.4 52.1 39.5 154.1 113.6 21.1 15.4 56.7 47.8 92.2 47.6 35.7.3 72-32.8 92.3-47.6 102-74.1 131.6-96.3 154-113.7zM256 320c23.2.4 56.6-29.2 73.4-41.4 132.7-96.3 142.8-104.7 173.4-128.7 5.8-4.5 9.2-11.5 9.2-18.9v-19c0-26.5-21.5-48-48-48H48C21.5 64 0 85.5 0 112v19c0 7.4 3.4 14.3 9.2 18.9 30.6 23.9 40.7 32.4 173.4 128.7 16.8 12.2 50.2 41.8 73.4 41.4z\"><\/path><\/svg>\t\t\t\t<\/span>\n\t\t\t<\/div>\n\t\t\t\n\t\t\t\t\t\t<div class=\"elementor-icon-box-content\">\n\n\t\t\t\t\n\t\t\t\t\t\t\t\t\t<p class=\"elementor-icon-box-description\">\n\t\t\t\t\t\toffice@alpensarg.at\t\t\t\t\t<\/p>\n\t\t\t\t\n\t\t\t<\/div>\n\t\t\t\n\t\t<\/div>\n\t\t\t\t\t\t<\/div>\n\t\t\t\t<\/div>\n\t\t\t\t<div class=\"elementor-element elementor-element-5c04cf48 elementor-position-left elementor-view-default elementor-mobile-position-top elementor-vertical-align-top jltma-glass-effect-no elementor-widget elementor-widget-icon-box\" data-id=\"5c04cf48\" data-element_type=\"widget\" data-widget_type=\"icon-box.default\">\n\t\t\t\t<div class=\"elementor-widget-container\">\n\t\t\t\t\t\t\t<div class=\"elementor-icon-box-wrapper\">\n\n\t\t\t\t\t\t<div class=\"elementor-icon-box-icon\">\n\t\t\t\t<span  class=\"elementor-icon\">\n\t\t\t\t<svg aria-hidden=\"true\" class=\"e-font-icon-svg e-fas-phone-alt\" viewBox=\"0 0 512 512\" xmlns=\"http:\/\/www.w3.org\/2000\/svg\"><path d=\"M497.39 361.8l-112-48a24 24 0 0 0-28 6.9l-49.6 60.6A370.66 370.66 0 0 1 130.6 204.11l60.6-49.6a23.94 23.94 0 0 0 6.9-28l-48-112A24.16 24.16 0 0 0 122.6.61l-104 24A24 24 0 0 0 0 48c0 256.5 207.9 464 464 464a24 24 0 0 0 23.4-18.6l24-104a24.29 24.29 0 0 0-14.01-27.6z\"><\/path><\/svg>\t\t\t\t<\/span>\n\t\t\t<\/div>\n\t\t\t\n\t\t\t\t\t\t<div class=\"elementor-icon-box-content\">\n\n\t\t\t\t\n\t\t\t\t\t\t\t\t\t<p class=\"elementor-icon-box-description\">\n\t\t\t\t\t\t+43 650 633 44 55 oder +43 650 633 99 77\t\t\t\t\t<\/p>\n\t\t\t\t\n\t\t\t<\/div>\n\t\t\t\n\t\t<\/div>\n\t\t\t\t\t\t<\/div>\n\t\t\t\t<\/div>\n\t\t\t\t\t<\/div>\n\t\t<\/div>\n\t\t\t\t\t<\/div>\n\t\t<\/section>\n\t\t\t\t\t<\/div>\n\t\t<\/div>\n\t\t\t\t\t<\/div>\n\t\t<\/section>\n\t\t\t\t<\/div>\n\t\t","protected":false},"excerpt":{"rendered":"<p>Startseite Produkte \u00dcber uns Startseite Produkte \u00dcber uns Impressum Name:\u00a0\u00a0\u00a0\u00a0\u00a0 Alpensarg OGAdresse:\u00a0 A &#8211; 2630 Ternitz \u2022 Weizengasse 1Telefon:\u00a0\u00a0 (+43) 0 650 \/ 6 33 44 55oder:\u00a0\u00a0\u00a0\u00a0\u00a0\u00a0\u00a0\u00a0 (+43) 0 650 \/ 6 33 99 77Internet:\u00a0http:\/\/www.alpensarg.atE-Mail:\u00a0\u00a0\u00a0\u00a0\u00a0office@alpensarg.at FirmenbuchNr.: FN 418896zUID &#8211; Nr.: ATU 68811949 Haftungshinweis Inhalt des Onlineangebotes Die Firma\u00a0&#8220;Alpensarg OG&#8221;\u00a0bem\u00fcht sich, auf diesen Internetseiten richtige und vollst\u00e4ndige Informationen zur Verf\u00fcgung zu stellen. Alle Angaben wurden nach bestem Wissen erstellt und sorgf\u00e4ltig \u00fcberpr\u00fcft. Dennoch \u00fcbernimmt die Firma\u00a0&#8220;Alpensarg OG&#8221;\u00a0keine Garantie oder Haftung f\u00fcr die Aktualit\u00e4t, Richtigkeit und Vollst\u00e4ndigkeit der bereitgestellten Informationen. Die Firma\u00a0&#8220;Alpensarg OG&#8221;\u00a0beh\u00e4lt es sich vor, jederzeit Teile der Seiten oder das gesamte Angebot ohne vorherige Ank\u00fcndigung zu ver\u00e4ndern oder zu l\u00f6schen. Links Die Firma\u00a0&#8220;Alpensarg OG&#8221;\u00a0hat keinerlei Einflu\u00df auf die Urheberschaft, die Gestaltung und den Inhalt verlinkter\/verkn\u00fcpfter Seiten. Trotz sorgf\u00e4ltiger inhaltlicher Kontrolle vor einer Linksetzung \u00fcbernimmt die Firma\u00a0&#8220;Alpensarg OG&#8221;\u00a0keine Haftung f\u00fcr die Inhalte verlinkter\/verkn\u00fcpfter Seiten. F\u00fcr die Inhalte der verlinkten Seiten und Sch\u00e4den, die aus deren Nutzung resultieren, sind ausschlie\u00dflich deren Anbieter verantwortlich. Urheberrechte Der Inhalt dieser Internetseiten ist urheberrechtlich gesch\u00fctzt. Die Speicherung und Vervielf\u00e4ltigung von Bild- und Textmaterial ist ohne unsere ausdr\u00fcckliche Zustimmung grunds\u00e4tzlich nicht gestattet. Ausgenommen hiervon sind nur ausdr\u00fccklich autorisierte und durch Downloads zug\u00e4nglich gemachte Informationen, sofern seitens des Verwenders eine Quellenangabe (Firma\u00a0&#8220;Alpensarg OG&#8221;\u00a0) erfolgt. Datenschutz Bei der Nutzung unseres Kontaktformulares und ben\u00f6tigen wir von Ihnen einige Daten, damit wir die Anfrage korrekt bearbeiten k\u00f6nnen. Das Ausf\u00fcllen dieses Formulars und die Angabe dieser Daten ist freiwillig. Die Firma\u00a0&#8220;Alpensarg OG&#8221;\u00a0wird diese Angaben vertraulich behandeln und nur f\u00fcr den eigenen Bedarf nutzen. Rechtswirksamkeit Dieser Haftungsausschluss wurde nach bestem Wissen erstellt. Sofern einzelne Formulierungen der geltenden Rechtlage nicht, nicht mehr oder nicht vollst\u00e4ndig entsprechen sollten, bleiben die \u00fcbrigen Teile in ihrem Inhalt und ihrer G\u00fcltigkeit davon unber\u00fchrt. Informationen \u00dcber uns Allgemeine Gesch\u00e4ftsbedingungen Impressum Seiten Startseite S\u00e4rge Beschl\u00e4ge Auskleidung office@alpensarg.at +43 650 633 44 55 oder +43 650 633 99 77<\/p>\n","protected":false},"author":1,"featured_media":0,"parent":1238,"menu_order":0,"comment_status":"closed","ping_status":"closed","template":"elementor_canvas","meta":{"_eb_attr":"","footnotes":""},"class_list":["post-1005","page","type-page","status-publish","hentry"],"_links":{"self":[{"href":"https:\/\/www.alpensarg.at\/index.php?rest_route=\/wp\/v2\/pages\/1005","targetHints":{"allow":["GET"]}}],"collection":[{"href":"https:\/\/www.alpensarg.at\/index.php?rest_route=\/wp\/v2\/pages"}],"about":[{"href":"https:\/\/www.alpensarg.at\/index.php?rest_route=\/wp\/v2\/types\/page"}],"author":[{"embeddable":true,"href":"https:\/\/www.alpensarg.at\/index.php?rest_route=\/wp\/v2\/users\/1"}],"replies":[{"embeddable":true,"href":"https:\/\/www.alpensarg.at\/index.php?rest_route=%2Fwp%2Fv2%2Fcomments&post=1005"}],"version-history":[{"count":19,"href":"https:\/\/www.alpensarg.at\/index.php?rest_route=\/wp\/v2\/pages\/1005\/revisions"}],"predecessor-version":[{"id":1788,"href":"https:\/\/www.alpensarg.at\/index.php?rest_route=\/wp\/v2\/pages\/1005\/revisions\/1788"}],"up":[{"embeddable":true,"href":"https:\/\/www.alpensarg.at\/index.php?rest_route=\/wp\/v2\/pages\/1238"}],"wp:attachment":[{"href":"https:\/\/www.alpensarg.at\/index.php?rest_route=%2Fwp%2Fv2%2Fmedia&parent=1005"}],"curies":[{"name":"wp","href":"https:\/\/api.w.org\/{rel}","templated":true}]}}